{"id":52,"date":"2026-03-28T22:05:26","date_gmt":"2026-03-28T22:05:26","guid":{"rendered":"https:\/\/radiovivaec.com\/?page_id=52"},"modified":"2026-03-29T18:59:16","modified_gmt":"2026-03-29T23:59:16","slug":"quienessomos","status":"publish","type":"page","link":"https:\/\/radiovivaec.com\/index.php\/quienessomos\/","title":{"rendered":"Quienes Somos"},"content":{"rendered":"\t\t<div data-elementor-type=\"wp-page\" data-elementor-id=\"52\" class=\"elementor elementor-52\" data-elementor-post-type=\"page\">\n\t\t\t\t<div class=\"elementor-element elementor-element-2b3f958 e-con-full e-flex e-con e-parent\" data-id=\"2b3f958\" data-element_type=\"container\" data-e-type=\"container\" data-settings=\"{&quot;background_background&quot;:&quot;classic&quot;}\">\n\t\t<div class=\"elementor-element elementor-element-4ad512cf e-con-full e-flex e-con e-child\" data-id=\"4ad512cf\" data-element_type=\"container\" data-e-type=\"container\">\n\t\t\t\t<div class=\"elementor-element elementor-element-7cd746a1 elementor-widget elementor-widget-heading\" data-id=\"7cd746a1\" data-element_type=\"widget\" data-e-type=\"widget\" data-widget_type=\"heading.default\">\n\t\t\t\t\t<h2 class=\"elementor-heading-title elementor-size-default\">RADIO VIVA 91.1 FM<\/h2>\t\t\t\t<\/div>\n\t\t\t\t<div class=\"elementor-element elementor-element-3b25ea4 elementor-widget elementor-widget-text-editor\" data-id=\"3b25ea4\" data-element_type=\"widget\" data-e-type=\"widget\" data-widget_type=\"text-editor.default\">\n\t\t\t\t\t\t\t\t\t<p>Radio VIVA es una empresa fundada el 18 de abril de 1988 y que opera en las frecuencias 91.1 y 97.3 FM desde la ciudad de Quevedo, provincia de Los R\u00edos, cubriendo con su matriz y repetidoras, las provincias de Los R\u00edos, El Oro, Guayas, Manab\u00ed y algunos cantones de Loja, Azuay y Bol\u00edvar.<\/p><p>La programaci\u00f3n musical est\u00e1 dirigida a un p\u00fablico joven, adulto y econ\u00f3micamente productivo, donde se destaca la m\u00fasica nacional y de corte popular como los valses, boleros, pasillos, rancheras, pasacalles, baladas, cumbia, merengue, salsa y tango.<\/p><p>Los noticieros se caracterizan por ser objetivos e imparciales, donde se tratan temas del acontecer local, nacional e internacional, con profesionales de gran trayectoria.<\/p><p>En el \u00e1mbito deportivo, Radio VIVA ha sido reconocida por el C\u00edrculo de Periodistas del Ecuador por ser la primera estaci\u00f3n radial de la provincia de Los R\u00edos en transmitir encuentros deportivos fuera del pa\u00eds en 1998. Desde aquel a\u00f1o hasta la actualidad, la empresa ha venido realizando este tipo de coberturas internacionales con mucha capacidad y profesionalismo, gan\u00e1ndose el slogan de \u201cLa internacional de Quevedo\u201d y manteni\u00e9ndose como una referente de la regi\u00f3n.<\/p><p>Todo esto ha hecho que Radio VIVA tenga la aceptaci\u00f3n de miles de oyentes en las provincias donde llega su se\u00f1al.<\/p>\t\t\t\t\t\t\t\t<\/div>\n\t\t\t\t<\/div>\n\t\t\t\t<div class=\"elementor-element elementor-element-1365c28 elementor-arrows-position-inside elementor-pagination-position-outside elementor-widget elementor-widget-image-carousel\" data-id=\"1365c28\" data-element_type=\"widget\" data-e-type=\"widget\" data-settings=\"{&quot;slides_to_show&quot;:&quot;1&quot;,&quot;autoplay_speed&quot;:3000,&quot;speed&quot;:300,&quot;navigation&quot;:&quot;both&quot;,&quot;autoplay&quot;:&quot;yes&quot;,&quot;pause_on_hover&quot;:&quot;yes&quot;,&quot;pause_on_interaction&quot;:&quot;yes&quot;,&quot;infinite&quot;:&quot;yes&quot;,&quot;effect&quot;:&quot;slide&quot;}\" data-widget_type=\"image-carousel.default\">\n\t\t\t\t\t\t\t<div class=\"elementor-image-carousel-wrapper swiper\" role=\"region\" aria-roledescription=\"carousel\" aria-label=\"Carrusel de im\u00e1genes\" dir=\"ltr\">\n\t\t\t<div class=\"elementor-image-carousel swiper-wrapper\" aria-live=\"off\">\n\t\t\t\t\t\t\t\t<div class=\"swiper-slide\" role=\"group\" aria-roledescription=\"slide\" aria-label=\"1 de 3\"><figure class=\"swiper-slide-inner\"><img decoding=\"async\" class=\"swiper-slide-image\" src=\"https:\/\/radiovivaec.com\/wp-content\/uploads\/2026\/03\/Quevedo_0000_Capa-3.webp\" alt=\"Quevedo_0000_Capa 3\" \/><\/figure><\/div><div class=\"swiper-slide\" role=\"group\" aria-roledescription=\"slide\" aria-label=\"2 de 3\"><figure class=\"swiper-slide-inner\"><img decoding=\"async\" class=\"swiper-slide-image\" src=\"https:\/\/radiovivaec.com\/wp-content\/uploads\/2026\/03\/Quevedo_0001_Capa-2.webp\" alt=\"Quevedo_0001_Capa 2\" \/><\/figure><\/div><div class=\"swiper-slide\" role=\"group\" aria-roledescription=\"slide\" aria-label=\"3 de 3\"><figure class=\"swiper-slide-inner\"><img decoding=\"async\" class=\"swiper-slide-image\" src=\"https:\/\/radiovivaec.com\/wp-content\/uploads\/2026\/03\/Quevedo_0002_Capa-1.webp\" alt=\"Quevedo_0002_Capa 1\" \/><\/figure><\/div>\t\t\t<\/div>\n\t\t\t\t\t\t\t\t\t\t\t\t<div class=\"elementor-swiper-button elementor-swiper-button-prev\" role=\"button\" tabindex=\"0\">\n\t\t\t\t\t\t<svg aria-hidden=\"true\" class=\"e-font-icon-svg e-eicon-chevron-left\" viewBox=\"0 0 1000 1000\" xmlns=\"http:\/\/www.w3.org\/2000\/svg\"><path d=\"M646 125C629 125 613 133 604 142L308 442C296 454 292 471 292 487 292 504 296 521 308 533L604 854C617 867 629 875 646 875 663 875 679 871 692 858 704 846 713 829 713 812 713 796 708 779 692 767L438 487 692 225C700 217 708 204 708 187 708 171 704 154 692 142 675 129 663 125 646 125Z\"><\/path><\/svg>\t\t\t\t\t<\/div>\n\t\t\t\t\t<div class=\"elementor-swiper-button elementor-swiper-button-next\" role=\"button\" tabindex=\"0\">\n\t\t\t\t\t\t<svg aria-hidden=\"true\" class=\"e-font-icon-svg e-eicon-chevron-right\" viewBox=\"0 0 1000 1000\" xmlns=\"http:\/\/www.w3.org\/2000\/svg\"><path d=\"M696 533C708 521 713 504 713 487 713 471 708 454 696 446L400 146C388 133 375 125 354 125 338 125 325 129 313 142 300 154 292 171 292 187 292 204 296 221 308 233L563 492 304 771C292 783 288 800 288 817 288 833 296 850 308 863 321 871 338 875 354 875 371 875 388 867 400 854L696 533Z\"><\/path><\/svg>\t\t\t\t\t<\/div>\n\t\t\t\t\n\t\t\t\t\t\t\t\t\t<div class=\"swiper-pagination\"><\/div>\n\t\t\t\t\t\t\t\t\t<\/div>\n\t\t\t\t\t\t<\/div>\n\t\t\t\t<\/div>\n\t\t\t\t<\/div>\n\t\t","protected":false},"excerpt":{"rendered":"<p>RADIO VIVA 91.1 FM Radio VIVA es una empresa fundada el 18 de abril de 1988 y que opera en las frecuencias 91.1 y 97.3 FM desde la ciudad de Quevedo, provincia de Los R\u00edos, cubriendo con su matriz y repetidoras, las provincias de Los R\u00edos, El Oro, Guayas, Manab\u00ed y algunos cantones de Loja, [&hellip;]<\/p>\n","protected":false},"author":1,"featured_media":0,"parent":0,"menu_order":0,"comment_status":"closed","ping_status":"closed","template":"","meta":{"footnotes":""},"class_list":["post-52","page","type-page","status-publish","hentry"],"yoast_head":"<!-- This site is optimized with the Yoast SEO plugin v27.3 - https:\/\/yoast.com\/product\/yoast-seo-wordpress\/ -->\n<title>Quienes Somos - Radio Viva 91.1 FM 97.3 FM<\/title>\n<meta name=\"robots\" content=\"index, follow, max-snippet:-1, max-image-preview:large, max-video-preview:-1\" \/>\n<link rel=\"canonical\" href=\"https:\/\/radiovivaec.com\/index.php\/quienessomos\/\" \/>\n<meta property=\"og:locale\" content=\"es_ES\" \/>\n<meta property=\"og:type\" content=\"article\" \/>\n<meta property=\"og:title\" content=\"Quienes Somos - Radio Viva 91.1 FM 97.3 FM\" \/>\n<meta property=\"og:description\" content=\"RADIO VIVA 91.1 FM Radio VIVA es una empresa fundada el 18 de abril de 1988 y que opera en las frecuencias 91.1 y 97.3 FM desde la ciudad de Quevedo, provincia de Los R\u00edos, cubriendo con su matriz y repetidoras, las provincias de Los R\u00edos, El Oro, Guayas, Manab\u00ed y algunos cantones de Loja, [&hellip;]\" \/>\n<meta property=\"og:url\" content=\"https:\/\/radiovivaec.com\/index.php\/quienessomos\/\" \/>\n<meta property=\"og:site_name\" content=\"Radio Viva 91.1 FM 97.3 FM\" \/>\n<meta property=\"article:modified_time\" content=\"2026-03-29T23:59:16+00:00\" \/>\n<meta property=\"og:image\" content=\"https:\/\/radiovivaec.com\/wp-content\/uploads\/2026\/03\/Quevedo_0000_Capa-3.webp\" \/>\n<meta name=\"twitter:card\" content=\"summary_large_image\" \/>\n<meta name=\"twitter:label1\" content=\"Tiempo de lectura\" \/>\n\t<meta name=\"twitter:data1\" content=\"2 minutos\" \/>\n<script type=\"application\/ld+json\" class=\"yoast-schema-graph\">{\"@context\":\"https:\\\/\\\/schema.org\",\"@graph\":[{\"@type\":\"WebPage\",\"@id\":\"https:\\\/\\\/radiovivaec.com\\\/index.php\\\/quienessomos\\\/\",\"url\":\"https:\\\/\\\/radiovivaec.com\\\/index.php\\\/quienessomos\\\/\",\"name\":\"Quienes Somos - Radio Viva 91.1 FM 97.3 FM\",\"isPartOf\":{\"@id\":\"https:\\\/\\\/radiovivaec.com\\\/#website\"},\"primaryImageOfPage\":{\"@id\":\"https:\\\/\\\/radiovivaec.com\\\/index.php\\\/quienessomos\\\/#primaryimage\"},\"image\":{\"@id\":\"https:\\\/\\\/radiovivaec.com\\\/index.php\\\/quienessomos\\\/#primaryimage\"},\"thumbnailUrl\":\"https:\\\/\\\/radiovivaec.com\\\/wp-content\\\/uploads\\\/2026\\\/03\\\/Quevedo_0000_Capa-3.webp\",\"datePublished\":\"2026-03-28T22:05:26+00:00\",\"dateModified\":\"2026-03-29T23:59:16+00:00\",\"breadcrumb\":{\"@id\":\"https:\\\/\\\/radiovivaec.com\\\/index.php\\\/quienessomos\\\/#breadcrumb\"},\"inLanguage\":\"es\",\"potentialAction\":[{\"@type\":\"ReadAction\",\"target\":[\"https:\\\/\\\/radiovivaec.com\\\/index.php\\\/quienessomos\\\/\"]}]},{\"@type\":\"ImageObject\",\"inLanguage\":\"es\",\"@id\":\"https:\\\/\\\/radiovivaec.com\\\/index.php\\\/quienessomos\\\/#primaryimage\",\"url\":\"https:\\\/\\\/radiovivaec.com\\\/wp-content\\\/uploads\\\/2026\\\/03\\\/Quevedo_0000_Capa-3.webp\",\"contentUrl\":\"https:\\\/\\\/radiovivaec.com\\\/wp-content\\\/uploads\\\/2026\\\/03\\\/Quevedo_0000_Capa-3.webp\",\"width\":950,\"height\":952},{\"@type\":\"BreadcrumbList\",\"@id\":\"https:\\\/\\\/radiovivaec.com\\\/index.php\\\/quienessomos\\\/#breadcrumb\",\"itemListElement\":[{\"@type\":\"ListItem\",\"position\":1,\"name\":\"Portada\",\"item\":\"https:\\\/\\\/radiovivaec.com\\\/\"},{\"@type\":\"ListItem\",\"position\":2,\"name\":\"Quienes Somos\"}]},{\"@type\":\"WebSite\",\"@id\":\"https:\\\/\\\/radiovivaec.com\\\/#website\",\"url\":\"https:\\\/\\\/radiovivaec.com\\\/\",\"name\":\"Radio Viva 91.1 FM 97.3 FM\",\"description\":\"\",\"potentialAction\":[{\"@type\":\"SearchAction\",\"target\":{\"@type\":\"EntryPoint\",\"urlTemplate\":\"https:\\\/\\\/radiovivaec.com\\\/?s={search_term_string}\"},\"query-input\":{\"@type\":\"PropertyValueSpecification\",\"valueRequired\":true,\"valueName\":\"search_term_string\"}}],\"inLanguage\":\"es\"}]}<\/script>\n<!-- \/ Yoast SEO plugin. -->","yoast_head_json":{"title":"Quienes Somos - Radio Viva 91.1 FM 97.3 FM","robots":{"index":"index","follow":"follow","max-snippet":"max-snippet:-1","max-image-preview":"max-image-preview:large","max-video-preview":"max-video-preview:-1"},"canonical":"https:\/\/radiovivaec.com\/index.php\/quienessomos\/","og_locale":"es_ES","og_type":"article","og_title":"Quienes Somos - Radio Viva 91.1 FM 97.3 FM","og_description":"RADIO VIVA 91.1 FM Radio VIVA es una empresa fundada el 18 de abril de 1988 y que opera en las frecuencias 91.1 y 97.3 FM desde la ciudad de Quevedo, provincia de Los R\u00edos, cubriendo con su matriz y repetidoras, las provincias de Los R\u00edos, El Oro, Guayas, Manab\u00ed y algunos cantones de Loja, [&hellip;]","og_url":"https:\/\/radiovivaec.com\/index.php\/quienessomos\/","og_site_name":"Radio Viva 91.1 FM 97.3 FM","article_modified_time":"2026-03-29T23:59:16+00:00","og_image":[{"url":"https:\/\/radiovivaec.com\/wp-content\/uploads\/2026\/03\/Quevedo_0000_Capa-3.webp","type":"","width":"","height":""}],"twitter_card":"summary_large_image","twitter_misc":{"Tiempo de lectura":"2 minutos"},"schema":{"@context":"https:\/\/schema.org","@graph":[{"@type":"WebPage","@id":"https:\/\/radiovivaec.com\/index.php\/quienessomos\/","url":"https:\/\/radiovivaec.com\/index.php\/quienessomos\/","name":"Quienes Somos - Radio Viva 91.1 FM 97.3 FM","isPartOf":{"@id":"https:\/\/radiovivaec.com\/#website"},"primaryImageOfPage":{"@id":"https:\/\/radiovivaec.com\/index.php\/quienessomos\/#primaryimage"},"image":{"@id":"https:\/\/radiovivaec.com\/index.php\/quienessomos\/#primaryimage"},"thumbnailUrl":"https:\/\/radiovivaec.com\/wp-content\/uploads\/2026\/03\/Quevedo_0000_Capa-3.webp","datePublished":"2026-03-28T22:05:26+00:00","dateModified":"2026-03-29T23:59:16+00:00","breadcrumb":{"@id":"https:\/\/radiovivaec.com\/index.php\/quienessomos\/#breadcrumb"},"inLanguage":"es","potentialAction":[{"@type":"ReadAction","target":["https:\/\/radiovivaec.com\/index.php\/quienessomos\/"]}]},{"@type":"ImageObject","inLanguage":"es","@id":"https:\/\/radiovivaec.com\/index.php\/quienessomos\/#primaryimage","url":"https:\/\/radiovivaec.com\/wp-content\/uploads\/2026\/03\/Quevedo_0000_Capa-3.webp","contentUrl":"https:\/\/radiovivaec.com\/wp-content\/uploads\/2026\/03\/Quevedo_0000_Capa-3.webp","width":950,"height":952},{"@type":"BreadcrumbList","@id":"https:\/\/radiovivaec.com\/index.php\/quienessomos\/#breadcrumb","itemListElement":[{"@type":"ListItem","position":1,"name":"Portada","item":"https:\/\/radiovivaec.com\/"},{"@type":"ListItem","position":2,"name":"Quienes Somos"}]},{"@type":"WebSite","@id":"https:\/\/radiovivaec.com\/#website","url":"https:\/\/radiovivaec.com\/","name":"Radio Viva 91.1 FM 97.3 FM","description":"","potentialAction":[{"@type":"SearchAction","target":{"@type":"EntryPoint","urlTemplate":"https:\/\/radiovivaec.com\/?s={search_term_string}"},"query-input":{"@type":"PropertyValueSpecification","valueRequired":true,"valueName":"search_term_string"}}],"inLanguage":"es"}]}},"_links":{"self":[{"href":"https:\/\/radiovivaec.com\/index.php\/wp-json\/wp\/v2\/pages\/52","targetHints":{"allow":["GET"]}}],"collection":[{"href":"https:\/\/radiovivaec.com\/index.php\/wp-json\/wp\/v2\/pages"}],"about":[{"href":"https:\/\/radiovivaec.com\/index.php\/wp-json\/wp\/v2\/types\/page"}],"author":[{"embeddable":true,"href":"https:\/\/radiovivaec.com\/index.php\/wp-json\/wp\/v2\/users\/1"}],"replies":[{"embeddable":true,"href":"https:\/\/radiovivaec.com\/index.php\/wp-json\/wp\/v2\/comments?post=52"}],"version-history":[{"count":27,"href":"https:\/\/radiovivaec.com\/index.php\/wp-json\/wp\/v2\/pages\/52\/revisions"}],"predecessor-version":[{"id":466,"href":"https:\/\/radiovivaec.com\/index.php\/wp-json\/wp\/v2\/pages\/52\/revisions\/466"}],"wp:attachment":[{"href":"https:\/\/radiovivaec.com\/index.php\/wp-json\/wp\/v2\/media?parent=52"}],"curies":[{"name":"wp","href":"https:\/\/api.w.org\/{rel}","templated":true}]}}